{"id":17,"date":"2010-04-12T09:51:31","date_gmt":"2010-04-12T07:51:31","guid":{"rendered":"http:\/\/www.pit-unterwegs.de\/?page_id=17"},"modified":"2025-10-22T19:16:01","modified_gmt":"2025-10-22T18:16:01","slug":"sitemap","status":"publish","type":"page","link":"https:\/\/www.pit-unterwegs.de\/?page_id=17","title":{"rendered":"Sitemap"},"content":{"rendered":"<h3>Inhalt &#8211; Sitemap<\/h3>\n<p>In der Kategorie <strong>REISE<\/strong> sind Urlaubstageb\u00fccher zu finden<\/p>\n<ul>\n<li>ST\u00c4DTEREISEN: <a href=\"http:\/\/www.pit-unterwegs.de\/?cat=440\">2009: Berlin + Potsdam<\/a><\/li>\n<li>ST\u00c4DTEREISEN: <a href=\"http:\/\/www.pit-unterwegs.de\/?cat=555\">2012: Berlin \/ Oktober<\/a><\/li>\n<li>ST\u00c4DTEREISEN: <a href=\"http:\/\/www.pit-unterwegs.de\/?cat=579\">2013: Berlin \/ Mai<\/a><\/li>\n<li>ST\u00c4DTEREISEN: <a href=\"http:\/\/www.pit-unterwegs.de\/?cat=645\">2013: Berlin \/ Herbst<\/a><\/li>\n<li>ST\u00c4DTEREISEN: <a href=\"http:\/\/www.pit-unterwegs.de\/?cat=554\">2012: Br\u00fcgge \/ Oktober<br \/>\n<\/a><\/li>\n<li>ST\u00c4DTEREISEN: <a href=\"https:\/\/www.pit-unterwegs.de\/?cat=993\">2018: Dublin \/ Sommer<\/a><\/li>\n<li>ALSACE: <a href=\"https:\/\/www.pit-unterwegs.de\/?cat=1050\">2018: Kientzheim \/ Oktober<\/a><\/li>\n<li>ANDALUSIEN: <a href=\"http:\/\/www.pit-unterwegs.de\/?cat=776\">2015: Fr\u00fchjahr<\/a><\/li>\n<li>AQUITAINE: <a href=\"https:\/\/www.pit-unterwegs.de\/?cat=1089\">2025: SW-Frankreich \/ Herbst<\/a><\/li>\n<li>BRETAGNE: <a href=\"http:\/\/www.pit-unterwegs.de\/?cat=358\">2011: C\u00f4te d&#8217;Armor (Presqu&#8217;ile sauvage)<\/a><\/li>\n<li>BRETAGNE: <a href=\"http:\/\/www.pit-unterwegs.de\/?cat=378\">2011: Finistere<\/a><\/li>\n<li>BRETAGNE: <a href=\"http:\/\/www.pit-unterwegs.de\/?cat=497\">2012: C\u00f4te des Abers<\/a><\/li>\n<li>BRETAGNE: <a href=\"http:\/\/www.pit-unterwegs.de\/?cat=512\">2012: Presqu&#8217;\u00eele de Crozon<\/a><\/li>\n<li>BRETAGNE: <a href=\"http:\/\/www.pit-unterwegs.de\/?cat=587\">2013: C\u00f4te d&#8216; Emeraude<\/a><\/li>\n<li>BRETAGNE: <a href=\"http:\/\/www.pit-unterwegs.de\/?cat=607\">2013: Cornouaille<br \/>\n<\/a><\/li>\n<li>BRETAGNE: <a href=\"http:\/\/www.pit-unterwegs.de\/?cat=851\">2016: Baie de Morlaix<\/a><\/li>\n<li>BRETAGNE: <a href=\"http:\/\/www.pit-unterwegs.de\/?cat=852\">2016: Presqu&#8217;\u00eele de Rhuys<\/a><\/li>\n<li>BRETAGNE: <a href=\"http:\/\/www.pit-unterwegs.de\/?cat=853\">2016: Cornouaille<\/a><\/li>\n<li>COSTIERA AMALFITANA: <a href=\"http:\/\/www.pit-unterwegs.de\/?cat=734\">2014: Praiano\/ Herbst<\/a><\/li>\n<li>C\u00d4TE D&#8216; AZUR: <a href=\"http:\/\/www.pit-unterwegs.de\/?cat=5\">2010: &#8222;De nouveau&#8220; Puget \/ Ostern<\/a><\/li>\n<li>C\u00d4TE D&#8216; AZUR:<a href=\"http:\/\/www.pit-unterwegs.de\/?cat=561\"> 2013: BANDOL \/ Ostern<\/a><\/li>\n<li>C\u00d4TE VERMEILLE:<a href=\"http:\/\/www.pit-unterwegs.de\/?cat=136\"> 2004: Argeles-sur-Mer \/ Ostern<\/a><\/li>\n<li>C\u00d4TE VERMEILLE:<a href=\"http:\/\/www.pit-unterwegs.de\/?cat=470\"> 2012: PAQUE RELAXEE <\/a><\/li>\n<li>C\u00d4TE VERMEILLE: <a href=\"https:\/\/www.pit-unterwegs.de\/?cat=980\">2018: Argeles Port \/ Mai<\/a><\/li>\n<li>IRLAND: <a href=\"http:\/\/www.pit-unterwegs.de\/?cat=928\">2017: Cork County<\/a><\/li>\n<li>IRLAND: <a href=\"https:\/\/www.pit-unterwegs.de\/?cat=991\">2018: Dublin, Beara, Wicklow<\/a><\/li>\n<li>LES ALPILLES: <a href=\"http:\/\/www.pit-unterwegs.de\/?cat=268\">2010: En automne: Maussane<\/a><\/li>\n<li>LES ALPILLES: <a href=\"http:\/\/www.pit-unterwegs.de\/?cat=331\">2011: En printemps: Maussane<\/a><\/li>\n<li>LES ALPILLES: <a href=\"http:\/\/www.pit-unterwegs.de\/?cat=663\">2014: &#8222;Encore une fois&#8220;<br \/>\n<\/a><\/li>\n<li>PROVENCE: <a href=\"http:\/\/www.pit-unterwegs.de\/?cat=71\">2006: PONT ROYAL Mallemort \/ Herbst<\/a><\/li>\n<li>SIZILIEN: <a href=\"http:\/\/www.pit-unterwegs.de\/?cat=893\">2017: Nordk\u00fcste \/ Fr\u00fchjahr<\/a><\/li>\n<li>S\u00dcDTIROL: <a href=\"http:\/\/www.pit-unterwegs.de\/?cat=188\">2010: Gr\u00f6dnertal und Vinschgau \/ Sommer<\/a><\/li>\n<li>S\u00dcDTIROL: <a href=\"http:\/\/www.pit-unterwegs.de\/?cat=188\">2014: Ultental und Vinschgau \/ Sommer<\/a><\/li>\n<li>S\u00dcDTIROL: <a href=\"http:\/\/www.pit-unterwegs.de\/?cat=801\">2015: Ultental und Vinschgau \/ Sommer<\/a><\/li>\n<\/ul>\n<p>In der Kategorie <strong>WANDERUNGEN<\/strong> Einzelwanderungen, GPS-Touren, Fahrradrouten&#8230;<\/p>\n<ul>\n<li><a href=\"http:\/\/www.pit-unterwegs.de\/?cat=316\">Herbstwanderung im Aachener Wald<\/a><\/li>\n<li><a href=\"http:\/\/www.pit-unterwegs.de\/?p=2464\">Rund um St. Pieters-Voeren<\/a><\/li>\n<li><a href=\"http:\/\/www.pit-unterwegs.de\/?p=93\">Rocher de Roquebrune &#8211; Die sportliche Gipfeltour<\/a><\/li>\n<li><a href=\"http:\/\/www.pit-unterwegs.de\/?p=102\">Gorges du Gardon &#8211;\u00a0Von Collias nach La Baume<\/a><\/li>\n<li><a href=\"http:\/\/www.pit-unterwegs.de\/?p=96\">Presqu&#8217;ile de Giens &#8211; Sentier du littoral ouest<\/a><\/li>\n<li><a href=\"http:\/\/www.pit-unterwegs.de\/?p=2441\">Mt. Alberes: Rundwanderung Lavall &#8211; St. Lorenq &#8211; N.D. de Vie<\/a><\/li>\n<\/ul>\n<p>In der Kategorie <strong>KIRCHEN + KL\u00d6STER<\/strong> Geschichte, Kunstgeschichte und\u00a0Architektur verschiedener besuchter Kirchen, Kathedralen und Kl\u00f6ster<\/p>\n<ul>\n<li><a title=\"Kloster Eberbach\" href=\"http:\/\/www.pit-unterwegs.de\/?p=2675\">Stiftung Kloster Eberbach (Hessen)<\/a><\/li>\n<li><a href=\"http:\/\/www.pit-unterwegs.de\/?p=105\">Die Zisterzienser<\/a><\/li>\n<li><a href=\"http:\/\/www.pit-unterwegs.de\/?p=110\">Abbaye Le Thoronet \u00a0(Provence)<\/a><\/li>\n<li><a href=\"http:\/\/www.pit-unterwegs.de\/?p=117\">Abbaye Silvacane, La Roque d&#8217;Antheor\u00a0(Provence)<\/a><\/li>\n<li><a href=\"http:\/\/www.pit-unterwegs.de\/?p=806\">Abbaye Notre Dame de S\u00e9nanque, Gordes \u00a0(Provence)<\/a><\/li>\n<li><a href=\"http:\/\/www.pit-unterwegs.de\/?p=141\">Abbaye Fontenay, Montbard\u00a0(Burgund)<\/a><\/li>\n<li><a href=\"http:\/\/www.pit-unterwegs.de\/?p=166\">Cloitre Abbaye St. Trophime, Arles (Bouches du Rhone)<\/a><\/li>\n<li><a href=\"http:\/\/www.pit-unterwegs.de\/?p=233\">Abbaye Ste. Marie, \u00a0Arles-sur-Tech (Roussillon)<\/a><\/li>\n<li><a href=\"http:\/\/www.pit-unterwegs.de\/?p=310\">Cathedrale St. Juste et St. Pasteur, Narbonne (Roussillon)<\/a><\/li>\n<li><a href=\"http:\/\/www.pit-unterwegs.de\/?p=873 \">Abbaye St. Genis-des-Fontaines, St. Genis (Roussillon)<\/a><\/li>\n<li><a href=\"http:\/\/www.pit-unterwegs.de\/?p=934 \">Prieur\u00e9 de Serrabona, Serrabone (Roussillon)<\/a><\/li>\n<\/ul>\n<p>Unter <strong>ARCHITEKTUR<\/strong>\u00a0 Br\u00fccken, Bauten, Burgen u.a.:<\/p>\n<ul>\n<li><a href=\"http:\/\/www.pit-unterwegs.de\/?p=691\">Hotel-Dieu, Beaune (Burgund)<\/a><\/li>\n<\/ul>\n<p><strong>NEU: STORIES<\/strong><\/p>\n<p>Hier sollen l\u00e4ngere Geschichten erz\u00e4hlt werden mit vielen interaktiven Elementen.<\/p>\n<p>Beginnen werde ich mit<\/p>\n<ul>\n<li><a href=\"https:\/\/www.pit-unterwegs.de\/?page_id=8142\">2023 &#8211; Erste Maiwoche in M\u00fcnchen<\/a><\/li>\n<\/ul>\n<p>In <strong>SONSTIGES<\/strong> alles, was sich nicht einordnen l\u00e4sst, z.B. Tipps oder Highlights wie<\/p>\n<ul>\n<li><a href=\"http:\/\/www.pit-unterwegs.de\/?p=552 \">Cathedrale d&#8217;Images<\/a><\/li>\n<\/ul>\n<hr \/>\n","protected":false},"excerpt":{"rendered":"<p>Inhalt &#8211; Sitemap In der Kategorie REISE sind Urlaubstageb\u00fccher zu finden ST\u00c4DTEREISEN: 2009: Berlin + Potsdam ST\u00c4DTEREISEN: 2012: Berlin \/ Oktober ST\u00c4DTEREISEN: 2013: Berlin \/ Mai ST\u00c4DTEREISEN: 2013: Berlin \/ Herbst ST\u00c4DTEREISEN: 2012: Br\u00fcgge \/ Oktober ST\u00c4DTEREISEN: 2018: Dublin \/ Sommer ALSACE: 2018: Kientzheim \/ Oktober ANDALUSIEN: 2015: Fr\u00fchjahr AQUITAINE: 2025: SW-Frankreich \/ Herbst BRETAGNE: [&hellip;]<\/p>\n","protected":false},"author":1,"featured_media":0,"parent":0,"menu_order":2,"comment_status":"closed","ping_status":"closed","template":"","meta":{"footnotes":""},"class_list":["post-17","page","type-page","status-publish","hentry","post-preview"],"_links":{"self":[{"href":"https:\/\/www.pit-unterwegs.de\/index.php?rest_route=\/wp\/v2\/pages\/17","targetHints":{"allow":["GET"]}}],"collection":[{"href":"https:\/\/www.pit-unterwegs.de\/index.php?rest_route=\/wp\/v2\/pages"}],"about":[{"href":"https:\/\/www.pit-unterwegs.de\/index.php?rest_route=\/wp\/v2\/types\/page"}],"author":[{"embeddable":true,"href":"https:\/\/www.pit-unterwegs.de\/index.php?rest_route=\/wp\/v2\/users\/1"}],"replies":[{"embeddable":true,"href":"https:\/\/www.pit-unterwegs.de\/index.php?rest_route=%2Fwp%2Fv2%2Fcomments&post=17"}],"version-history":[{"count":102,"href":"https:\/\/www.pit-unterwegs.de\/index.php?rest_route=\/wp\/v2\/pages\/17\/revisions"}],"predecessor-version":[{"id":8901,"href":"https:\/\/www.pit-unterwegs.de\/index.php?rest_route=\/wp\/v2\/pages\/17\/revisions\/8901"}],"wp:attachment":[{"href":"https:\/\/www.pit-unterwegs.de\/index.php?rest_route=%2Fwp%2Fv2%2Fmedia&parent=17"}],"curies":[{"name":"wp","href":"https:\/\/api.w.org\/{rel}","templated":true}]}}