{"id":8142,"date":"2023-05-11T10:39:03","date_gmt":"2023-05-11T09:39:03","guid":{"rendered":"https:\/\/www.pit-unterwegs.de\/?page_id=8142"},"modified":"2023-05-15T20:43:50","modified_gmt":"2023-05-15T19:43:50","slug":"2023_mai_in_muenchen","status":"publish","type":"page","link":"https:\/\/www.pit-unterwegs.de\/?page_id=8142","title":{"rendered":"2023 &#8211; Maiwoche in M\u00fcnchen"},"content":{"rendered":"\n<h3 class=\"wp-block-heading\">1.5.2023 &#8211; Theresienwiese und Regen<\/h3>\n\n\n\n<p>Das Wetter ist grau, immer kurz vorm Regnen. Wir entscheiden uns, irgendetwas in der n\u00e4heren Umgebung zu machen und bei einsetzendem Regen in ein Museum zu gehen. <\/p>\n\n\n\n<p>Am Vormittag fahren wir zur Theresienwiese, wo gerade die Fr\u00fchlingskirmes aufgebaut ist. Die Kinder fahren 5 Min. mit dem Riesenrad und sind schon knapp 60 \u20ac los. Es beginnt zu tr\u00f6pfeln. Eine Runde Kleinkind-Achterbahn bei einsetzendem Regen ist noch drin &#8211; noch einmal 20 \u20ac. <\/p>\n\n\n\n\n\n<p>Mittlerweile ist Mittag, wir suchen uns einen &#8222;trockenen&#8220;, aber leider zugigen kalten Platz in einem Bierzelt. Getr\u00e4nke und ein paar Kleinigkeiten zu essen f\u00fcr 4 Erwachsene und 2 Kinder &#8211; wieder 100 \u20ac.  Bis 13:30 Uhr hat der Regen nicht aufgeh\u00f6rt. Wir laufen Richtung Ausgang, nehmen aber noch 4 Fahrten im Autoscooter mit (20 \u20ac) und Zuckerwatte f\u00fcr Helena.<\/p>\n\n\n\n<p>Ole schl\u00e4ft seit dem Mittagessen im Kinderwagen und \u00dcberraschung! Das Verkehrsmuseum und das Deutsche Museum \u00fcberhaupt haben heute geschlossen! <\/p>\n\n\n\n<p>Ab nach Hause und dort den Tag beenden.<\/p>\n\n\n\n<h3 class=\"wp-block-heading\">2.5.2023 &#8211; Nichts Besonders<\/h3>\n\n\n\n<p>Es ist immer noch  grau und usselig. Ich fahre zum Baumarkt. Der Klappstuhl, der letztes Jahr schon kaputt ging, ist wieder defekt. <\/p>\n\n\n\n<p>Mit zus\u00e4tzlichen Winkeln und l\u00e4ngeren Schrauben l\u00e4sst er sich aber reparieren. F\u00fcr Schwergewichte sollte er aber tabu bleiben.<\/p>\n\n\n\n<p>Wir vertr\u00f6deln den Tag, spielen mit den Kindern, die gegen 16:00 Uhr wieder zu Hause sind und arbeiten ein wenig im Garten.<\/p>\n\n\n\n<h3 class=\"wp-block-heading\">3.5.2023 &#8211; Von Gauting zum Starnberger See<\/h3>\n\n\n\n<p>Das Wetter ist eindeutig besser, wenn auch noch k\u00fchl. Im Laufe des Tages soll es sonniger werden.<\/p>\n\n\n\n\n\n<p>Wir fahren bis Gauting und parken in der N\u00e4he des Sportplatzes des Gautinger Sportclubs an der W\u00fcrm. <\/p>\n\n\n\n\n\n<p>Entlang der m\u00e4andernden W\u00fcrm wandern wir zun\u00e4chst bis zum Parkplatz K\u00f6nigswiesen, biegen dann ab in den Wald und gelangen auf eine beackerte Hochfl\u00e4che, von der man im Hintergrund die Berge sehen kann.<\/p>\n\n\n\n\n\n<p>Nach kurzer Zeit gelangen wir nach Leutstetten, der Weg endet genau hinter der Schlossgastst\u00e4tte. Es ist Mittag, es riecht gut nach Essen, die Sonnen scheint: Wir suchen uns einen Platz drau\u00dfen in der Sonne und bereuen die Entscheidung nicht: Lecker und gut!<\/p>\n\n\n\n\n\n<div class=\"wp-block-group\"><div class=\"wp-block-group__inner-container is-layout-flow wp-block-group-is-layout-flow\">\n<p>Nach einer ausgiebigen Mittagspause schauen wir uns das Kirchlein St. Alto an.<\/p>\n\n\n\n\n\n<p>Von dort wandern wir \u00fcber Nebenstra\u00dfen und Radwege Richtung Starnberger See. Wir kommen unterwegs an der Villa rustica vorbei.<\/p>\n<\/div><\/div>\n\n\n\n<blockquote class=\"wp-block-quote is-layout-flow wp-block-quote-is-layout-flow\">\n<p>Die Villa Rustica zeigt die \u00dcberreste eines R\u00f6mischen Gutshofes aus dem 2. Jahrhundert. Der \u00fcberdachte Teil zeigt haupts\u00e4chlich die gut erhaltene Fu\u00dfbodenheizung sowie Gegenst\u00e4nde, die gefunden worden sind. Der Grundriss des Hauses wurde mit Kiesfl\u00e4chen nachempfunden. (&#8230;)  <\/p>\n<cite>Marco Rausch, Local Guide bei Google<\/cite><\/blockquote>\n\n\n\n<p>Der Weg f\u00fchrt nun weiter durchs Leutstetter Moos, teilweise \u00fcber Holzstege, nach Percha und dann weiter zum Starnberger See. Das Moos selbst darf nicht betraten werden.<\/p>\n\n\n\n\n\n<p>Entlang der Nordseite des Sees laufen wir bis zum Bahnhof Starnberg, von wo wir mit der S-Bahn nach Gauting zur\u00fcckfahren wollen. Der Zug f\u00e4hrt uns in echt letzter Sekunde vor der Nase weg &#8211; der Fahrkartenautomat war einfach zu tr\u00e4ge. Daf\u00fcr bleibt Zeit f\u00fcr ein Eis und einen letzten Blick auf den See am Anleger.<\/p>\n\n\n\n\n\n<h3 class=\"wp-block-heading\">4.5.2023 &#8211; Rundwanderung Lainbachf\u00e4lle<\/h3>\n\n\n\n<p>Der Wetterbericht verspricht sch\u00f6nes Wetter, deshalb fahren wir Richtung Berge. \u00dcber die Autobahn sind wir in 45 Min. in Kochel am See. Wir parken in der N\u00e4he des Bahnhofs.  <\/p>\n\n\n\n\n\n<p>Wir folgen zun\u00e4chst der &#8222;Alte Stra\u00dfe&#8220; und &#8222;Am Sonnenstein&#8220; bis zum Tiroler Kreuz. Von dort folgt man der Beschilderung zum Lainbach Wasserfall. <\/p>\n\n\n\n\n\n<p>Der Weg f\u00fchrt \u00fcber eine l\u00e4ngere Strecke und Stufen durch den schattigen Bergwald am Bach entlang vorbei am unteren bis zum oberen Wasserfall hinauf.<\/p>\n\n\n\n<p>Zeit f\u00fcr eine kleine Pause.&nbsp; <\/p>\n\n\n\n<p>Auf steilen Stufen geht die Route weiter bis zu einer Abzweigung. Hier kann man links direkt nach Kochel hinabsteigen oder dem Rundweg nach rechts folgen, der durch den Wald bis zu den Almwiesen der Kohlleite verl\u00e4uft. <\/p>\n\n\n\n\n\n<p>Hier biegt man links auf den Forstweg ab und folgt diesem zur\u00fcck bis nach Kochel. Auf keinen Fall verpassen sollte man den Ausblick vom Aussichtspunkt &#8222;Kohlleite&#8220;. <\/p>\n\n\n\n\n\n<p>\u00dcber die Kalmbachstr. wandern wir zur\u00fcck zum Parkplatz.<\/p>\n\n\n\n<p>In Schlehdorf essen wir beim Fischerwirt drau\u00dfen auf der Terrasse zu Mittag. Leider verhei\u00dft der Name mehr, als er letztendlich bietet: Lokaler frischer Fisch eher die Ausnahme und Seefisch ist sicherlich nicht frisch.<br \/>Ein Highlight gibt es allerdings: Der Espresso! Ganz hervorragender Kaffee aus einer R\u00f6sterei in Garmisch.<\/p>\n\n\n\n<h3 class=\"wp-block-heading\">5.5.2023 &#8211; Von Pasing zum Nymphenburger Schloss<\/h3>\n\n\n\n<p>Heute starten wir in Pasing. Einen freien Parkplatz finden wir hinter dem Bahnhof in der Theodor-Storm-Str. Von hier aus folgen wir dem Fu\u00dfweg entlang der W\u00fcrm zun\u00e4chst bis zur Kirche St. Wolfgang. Leider ist sie verschlossen, so dass wir sie nur einmal umrunden k\u00f6nnen. <\/p>\n\n\n\n<blockquote class=\"wp-block-quote is-layout-flow wp-block-quote-is-layout-flow\">\n<p>Die katholische Filialkirche St. Wolfgang in Pipping ist die letzte vollst\u00e4ndige erhaltene gotische Dorfkirche M\u00fcnchens. Die unter Denkmalschutz stehende Kirche gilt als erlesenes Beispiel f\u00fcr die mittelalterlich d\u00f6rfliche Sakralarchitektur Oberbayerns.<\/p>\n<cite>Wikipedia<\/cite><\/blockquote>\n\n\n\n\n\n<p>Wir biegen ab in die Westerholzstr. und folgen etwas sp\u00e4ter dem Fu\u00dfweg neben dem Pasing-Nymphenburg-Kanal, dem wir bis zur Frauendorferstr. folgen. \u00dcber &#8222;Am Nymphenbad&#8220; und durch den Tunnel &#8222;B\u00e4rmannstr.&#8220; gelangen wir an die Schlo\u00dfmauer. Wir folgen dem Fu\u00dfweg nach rechts und schl\u00fcpfen durch die erste Pforte in den Schlo\u00dfpark. <\/p>\n\n\n\n\n\n<p>Die Wanderung hat l\u00e4nger gedauert als gedacht und da wir heute fr\u00fch zur\u00fcck sein m\u00fcssen, k\u00fcrzen wir unsere Runde durch den Park etwas ab:<br \/>Entlang des Badenburger Sees bis zur Badenburg, von dort \u00fcber die kleine Br\u00fccke bis zum Schlo\u00dfgartenkanal, den wir \u00fcberqueren. Am Kleinen See und der Pagodenburg vorbei zur\u00fcck zur Schlo\u00dfmauer, dieser folgend durch den Tunnel bis zur Frauendorferstr. zur\u00fcck. <\/p>\n\n\n\n<p>Von hier folgen wir dem Weg entlang eines Gr\u00fcng\u00fcrtels bis zur Blutenburg, wo wir wieder auf die W\u00fcrm treffen. <\/p>\n\n\n\n\n\n<p>Dieser folgen wir nun zur\u00fcck bis zum Auto. <\/p>\n\n\n\n<h3 class=\"wp-block-heading\">6.5.2023 &#8211; Garten<\/h3>\n\n\n\n<p>Allgemeiner Arbeits- und Gartentag mit Balkon k\u00e4rchern, einkaufen, reparieren und Geschichten erz\u00e4hlen.<\/p>\n\n\n\n<div class=\"wp-block-columns is-layout-flex wp-container-core-columns-is-layout-9d6595d7 wp-block-columns-is-layout-flex\">\n<div class=\"wp-block-column is-layout-flow wp-block-column-is-layout-flow\" style=\"flex-basis:50%\"><\/div>\n\n\n\n<div class=\"wp-block-column is-layout-flow wp-block-column-is-layout-flow\" style=\"flex-basis:50%\"><\/div>\n<\/div>\n\n\n\n<p>Anschlie\u00dfend war ausgiebiges Duschen und Haarewaschen angesagt &#8211; Helena hatte zun\u00e4chst Ole eine vollen Eimer Auffang-Wasser hinten in sein T-Shirt gegossen (er zuckte nur kurz), danach aus Solidarit\u00e4t sich selbst auch noch.<\/p>\n\n\n\n<h3 class=\"wp-block-heading\">7.5.2023 &#8211; Roseninsel im Starnberger See<\/h3>\n\n\n\n<p>Wir treffen uns am Parkplatz Roseninsel an der Tutzinger Str. in Feldafing. Gem\u00fctlich wandern wir hinunter zum See und laufen \u00fcber den Seeuferweg zum F\u00e4hranleger zur Roseninsel.<\/p>\n\n\n\n<p>Nach ein wenig Warten k\u00f6nnen wir mit einer gr\u00f6\u00dferen Gruppe zur Insel fahren. Der F\u00e4hrmann erz\u00e4hlt auf der ca. 5 min\u00fctigen \u00dcberfahrt derweil Interessantes zur Insel.<\/p>\n\n\n\n<blockquote class=\"wp-block-quote is-layout-flow wp-block-quote-is-layout-flow\">\n<p>Die etwa 170 Meter vom Westufer entfernte Insel wurde vermutlich erstmals um 6.000 v. Chr. bewohnt. Diese Vermutung legen diverse Keramikscherben nahe, die auf dem Eiland gefunden wurden. Diverse Funde wie pr\u00e4historische Pfahlbausiedlungen deuteten darauf hin, dass die Roseninsel in der Vergangenheit vermutlich wie eine Kultst\u00e4tte betrachtet wurde. Diese Pfahlbauten sind auch der Grund daf\u00fcr, weshalb die einzige Insel des Starnberger Sees mittlerweile zum Weltkulturerbe der UNESCO geh\u00f6rt und somit besondere Pflege erh\u00e4lt. Doch nicht nur in der Vergangenheit sorgte die Roseninsel f\u00fcr Aufsehen. Heute ist das Naturparadies mit seinen wundersch\u00f6nen Garten- und Parkanlagen auch f\u00fcr Bauten wie das Casino bekannt.<\/p>\n\n\n\n<p>Dieses Casino war das ehemalige Sommerhaus des hier im 19. Jahrhundert ans\u00e4ssigen K\u00f6nig Maximilian II. Der K\u00f6nig lie\u00df einen prachtvollen Garten um das Sommerhaus errichten, der geradezu mit hochst\u00e4mmigen Rosen ges\u00e4umt war \u2013 somit war die Grundlage f\u00fcr den Rosengarten gelegen. In diesem Rosengarten \u2013 dem ovalen Rosarium \u2013 sind hunderte der Duftrosen angepflanzt. Diese Pflanzenvielfalt ist nat\u00fcrlich auch der Grund daf\u00fcr, weshalb das Eiland den klangvollen Namen \u201aRoseninsel\u2019 erhalten hat<\/p>\n<cite>https:\/\/www.starnbergersee.de\/sehenswuerdigkeiten\/roseninsel.html<\/cite><\/blockquote>\n\n\n\n\n\n<p>Unser Rundgang dauert inkl. Pause, Spielen und den Ausblick genie\u00dfen ca. 1 Stunde. <\/p>\n\n\n\n<p>Auf gleichem Weg geht es zur\u00fcck zum Parkplatz. Zum Mittagessen fahren wir zum Schlossrestaurant Leutstetten. Dank Kaiserwetter sind der Biergarten und die Au\u00dfenterrasse brechend voll und entsprechend lange m\u00fcssen wir heute auf unser Essen warten. <\/p>\n\n\n\n<p>Das Wetter spielt zum Gl\u00fcck mit und nach ca. 2 Stunden haben auch alle ihre Vorspeisen und Essen&#8230; <\/p>\n","protected":false},"excerpt":{"rendered":"<p>1.5.2023 &#8211; Theresienwiese und Regen Das Wetter ist grau, immer kurz vorm Regnen. Wir entscheiden uns, irgendetwas in der n\u00e4heren Umgebung zu machen und bei einsetzendem Regen in ein Museum zu gehen. Am Vormittag fahren wir zur Theresienwiese, wo gerade die Fr\u00fchlingskirmes aufgebaut ist. Die Kinder fahren 5 Min. mit dem Riesenrad und sind schon [&hellip;]<\/p>\n","protected":false},"author":2,"featured_media":8235,"parent":8178,"menu_order":0,"comment_status":"closed","ping_status":"closed","template":"template-nosidebar.php","meta":{"footnotes":""},"class_list":["post-8142","page","type-page","status-publish","has-post-thumbnail","hentry","post-preview"],"_links":{"self":[{"href":"https:\/\/www.pit-unterwegs.de\/index.php?rest_route=\/wp\/v2\/pages\/8142","targetHints":{"allow":["GET"]}}],"collection":[{"href":"https:\/\/www.pit-unterwegs.de\/index.php?rest_route=\/wp\/v2\/pages"}],"about":[{"href":"https:\/\/www.pit-unterwegs.de\/index.php?rest_route=\/wp\/v2\/types\/page"}],"author":[{"embeddable":true,"href":"https:\/\/www.pit-unterwegs.de\/index.php?rest_route=\/wp\/v2\/users\/2"}],"replies":[{"embeddable":true,"href":"https:\/\/www.pit-unterwegs.de\/index.php?rest_route=%2Fwp%2Fv2%2Fcomments&post=8142"}],"version-history":[{"count":61,"href":"https:\/\/www.pit-unterwegs.de\/index.php?rest_route=\/wp\/v2\/pages\/8142\/revisions"}],"predecessor-version":[{"id":8319,"href":"https:\/\/www.pit-unterwegs.de\/index.php?rest_route=\/wp\/v2\/pages\/8142\/revisions\/8319"}],"up":[{"embeddable":true,"href":"https:\/\/www.pit-unterwegs.de\/index.php?rest_route=\/wp\/v2\/pages\/8178"}],"wp:featuredmedia":[{"embeddable":true,"href":"https:\/\/www.pit-unterwegs.de\/index.php?rest_route=\/wp\/v2\/media\/8235"}],"wp:attachment":[{"href":"https:\/\/www.pit-unterwegs.de\/index.php?rest_route=%2Fwp%2Fv2%2Fmedia&parent=8142"}],"curies":[{"name":"wp","href":"https:\/\/api.w.org\/{rel}","templated":true}]}}