{"id":8178,"date":"2023-05-11T14:03:00","date_gmt":"2023-05-11T13:03:00","guid":{"rendered":"https:\/\/www.pit-unterwegs.de\/?page_id=8178"},"modified":"2023-05-11T16:08:29","modified_gmt":"2023-05-11T15:08:29","slug":"stories","status":"publish","type":"page","link":"https:\/\/www.pit-unterwegs.de\/?page_id=8178","title":{"rendered":"Stories"},"content":{"rendered":"\n\n\n<p>Noch im Experimentierstadium: <\/p>\n\n\n\n<p>Unter dieser Kategorie sollen l\u00e4ngere Geschichten, Beschreibungen oder Urlaubserlebnisse zusammengefasst werden. Im Gegensatz zu den Blog-Beitr\u00e4gen sind sie nat\u00fcrlich etwas l\u00e4nger, aber daf\u00fcr so interaktiv wie m\u00f6glich.<\/p>\n\n\n\n<p>Ich \u00fcbe noch &#8230;<\/p>\n\n\n\n<p>W\u00e4hlt einfach unten eine &#8222;Story&#8220; aus (Klick auf Titel).<\/p>\n\n\n\n<p>Viel Spa\u00df!<\/p>\n\n\n\n<figure class=\"wp-block-embed is-type-wp-embed is-provider-pit-unterwegs wp-block-embed-pit-unterwegs\"><div class=\"wp-block-embed__wrapper\">\n<blockquote class=\"wp-embedded-content\" data-secret=\"6i6UmlxfAe\"><a href=\"https:\/\/www.pit-unterwegs.de\/?page_id=8142\">Erste Maiwoche in M\u00fcnchen<\/a><\/blockquote><iframe loading=\"lazy\" class=\"wp-embedded-content\" sandbox=\"allow-scripts\" security=\"restricted\" style=\"position: absolute; clip: rect(1px, 1px, 1px, 1px);\" title=\"&#8222;Erste Maiwoche in M\u00fcnchen&#8220; &#8212; Pit unterwegs\" src=\"https:\/\/www.pit-unterwegs.de\/?page_id=8142&#038;embed=true#?secret=nfdp24ibrO#?secret=6i6UmlxfAe\" data-secret=\"6i6UmlxfAe\" width=\"600\" height=\"338\" frameborder=\"0\" marginwidth=\"0\" marginheight=\"0\" scrolling=\"no\"><\/iframe>\n<\/div><\/figure>\n","protected":false},"excerpt":{"rendered":"<p>Noch im Experimentierstadium: Unter dieser Kategorie sollen l\u00e4ngere Geschichten, Beschreibungen oder Urlaubserlebnisse zusammengefasst werden. Im Gegensatz zu den Blog-Beitr\u00e4gen sind sie nat\u00fcrlich etwas l\u00e4nger, aber daf\u00fcr so interaktiv wie m\u00f6glich. Ich \u00fcbe noch &#8230; W\u00e4hlt einfach unten eine &#8222;Story&#8220; aus (Klick auf Titel). Viel Spa\u00df!<\/p>\n","protected":false},"author":43,"featured_media":0,"parent":0,"menu_order":0,"comment_status":"closed","ping_status":"closed","template":"","meta":{"footnotes":""},"class_list":["post-8178","page","type-page","status-publish","hentry","post-preview"],"_links":{"self":[{"href":"https:\/\/www.pit-unterwegs.de\/index.php?rest_route=\/wp\/v2\/pages\/8178","targetHints":{"allow":["GET"]}}],"collection":[{"href":"https:\/\/www.pit-unterwegs.de\/index.php?rest_route=\/wp\/v2\/pages"}],"about":[{"href":"https:\/\/www.pit-unterwegs.de\/index.php?rest_route=\/wp\/v2\/types\/page"}],"author":[{"embeddable":true,"href":"https:\/\/www.pit-unterwegs.de\/index.php?rest_route=\/wp\/v2\/users\/43"}],"replies":[{"embeddable":true,"href":"https:\/\/www.pit-unterwegs.de\/index.php?rest_route=%2Fwp%2Fv2%2Fcomments&post=8178"}],"version-history":[{"count":6,"href":"https:\/\/www.pit-unterwegs.de\/index.php?rest_route=\/wp\/v2\/pages\/8178\/revisions"}],"predecessor-version":[{"id":8188,"href":"https:\/\/www.pit-unterwegs.de\/index.php?rest_route=\/wp\/v2\/pages\/8178\/revisions\/8188"}],"wp:attachment":[{"href":"https:\/\/www.pit-unterwegs.de\/index.php?rest_route=%2Fwp%2Fv2%2Fmedia&parent=8178"}],"curies":[{"name":"wp","href":"https:\/\/api.w.org\/{rel}","templated":true}]}}