{"id":840,"date":"2010-05-14T00:18:29","date_gmt":"2010-05-13T22:18:29","guid":{"rendered":"http:\/\/www.pit-unterwegs.de\/?page_id=840"},"modified":"2026-02-13T18:42:56","modified_gmt":"2026-02-13T17:42:56","slug":"home","status":"publish","type":"page","link":"https:\/\/www.pit-unterwegs.de\/","title":{"rendered":"Home"},"content":{"rendered":"<h2>Pit unterwegs<\/h2>\n<p><strong>Urlaubstageb\u00fccher mit vielen Bildern oder Videos, GPS-Touren, Wanderrouten, Fotogalerien, Tipps\u00a0und was mir sonst noch einf\u00e4llt<\/strong>\u2026<\/p>\n<p>Einfach ab und zu reinschauen.<\/p>\n<p>Vielleicht lohnen sich einige Beitr\u00e4ge ja auch allein schon wegen der Fotos und Videos? \u00a0Denn davon gibt es viele.<\/p>\n<p><strong>Beispiel<\/strong><\/p>\n<div class=\"sp-embed-player\" style=\"position: relative; width: 100%; padding-top: 56.250000%; height: 0;\" data-id=\"cOnIbwn0DyG\" data-aspect-ratio=\"1.777778\" data-padding-top=\"56.250000%\"><script src=\"https:\/\/go.screenpal.com\/player\/appearance\/cOnIbwn0DyG\"><\/script><iframe style=\"position: absolute; top: 0; left: 0; width: 100%; height: 100%; border: 0;\" src=\"https:\/\/go.screenpal.com\/player\/cOnIbwn0DyG?ff=1&amp;ahc=1&amp;tl=1&amp;bg=transparent\" scrolling=\"no\" allowfullscreen=\"allowfullscreen\"><\/iframe><\/div>\n<p><i>Kein Besuch aus dem Weltall, sondern Quallen im Aquarium vom Loro Parque auf Teneriffa<\/i><\/p>\n<hr \/>\n<p>Einige wenige\u00a0Beitr\u00e4ge sind passwort-gesch\u00fctzt, das soll aber niemanden davon abhalten ein wenig zu st\u00f6bern.<\/p>\n<p>Ich wei\u00df nicht, ob ich noch einmal weiter kommen werde: Frankreich und Italien mag ich sehr, aber nach\u00a0 Andalusien und Irland bin ich auch schon gekommen und trotz ein wenig Flugangst sogar nach Madeira und auf die Kanarischen Inseln.<\/p>\n<p>Wir werden sehen &#8211; als Rentner habe ich noch vieles vor.<\/p>\n<div id=\"attachment_2235\" style=\"width: 560px\" class=\"wp-caption alignnone\"><a href=\"http:\/\/www.pit-unterwegs.de\/?attachment_id=2235\" rel=\"attachment wp-att-2235\"><img loading=\"lazy\" decoding=\"async\" aria-describedby=\"caption-attachment-2235\" class=\"size-full wp-image-2235\" title=\"550_pouldohan5_6157\" src=\"http:\/\/www.pit-unterwegs.de\/wp-content\/uploads\/2011\/08\/550_pouldohan5_6157.jpg\" alt=\"\" width=\"550\" height=\"366\" srcset=\"https:\/\/www.pit-unterwegs.de\/wp-content\/uploads\/2011\/08\/550_pouldohan5_6157.jpg 550w, https:\/\/www.pit-unterwegs.de\/wp-content\/uploads\/2011\/08\/550_pouldohan5_6157-300x199.jpg 300w, https:\/\/www.pit-unterwegs.de\/wp-content\/uploads\/2011\/08\/550_pouldohan5_6157-150x99.jpg 150w\" sizes=\"auto, (max-width: 550px) 100vw, 550px\" \/><\/a><p id=\"caption-attachment-2235\" class=\"wp-caption-text\">Traumstrand bei Pouldohan &#8211; c 2011 Pit Aretz<\/p><\/div>\n<p>Eine \u00dcbersicht und Schnellauswahl ist in INHALT zu finden: <strong><a href=\"http:\/\/www.pit-unterwegs.de\/?page_id=17\">SITEMAP<\/a><\/strong><\/p>\n<dl><\/dl>\n\n\n<p><\/p>\n","protected":false},"excerpt":{"rendered":"<p>Pit unterwegs Urlaubstageb\u00fccher mit vielen Bildern oder Videos, GPS-Touren, Wanderrouten, Fotogalerien, Tipps\u00a0und was mir sonst noch einf\u00e4llt\u2026 Einfach ab und zu reinschauen. Vielleicht lohnen sich einige Beitr\u00e4ge ja auch allein schon wegen der Fotos und Videos? \u00a0Denn davon gibt es viele. Beispiel Kein Besuch aus dem Weltall, sondern Quallen im Aquarium vom Loro Parque auf [&hellip;]<\/p>\n","protected":false},"author":2,"featured_media":0,"parent":0,"menu_order":1,"comment_status":"closed","ping_status":"closed","template":"","meta":{"footnotes":""},"class_list":["post-840","page","type-page","status-publish","hentry","post-preview"],"_links":{"self":[{"href":"https:\/\/www.pit-unterwegs.de\/index.php?rest_route=\/wp\/v2\/pages\/840","targetHints":{"allow":["GET"]}}],"collection":[{"href":"https:\/\/www.pit-unterwegs.de\/index.php?rest_route=\/wp\/v2\/pages"}],"about":[{"href":"https:\/\/www.pit-unterwegs.de\/index.php?rest_route=\/wp\/v2\/types\/page"}],"author":[{"embeddable":true,"href":"https:\/\/www.pit-unterwegs.de\/index.php?rest_route=\/wp\/v2\/users\/2"}],"replies":[{"embeddable":true,"href":"https:\/\/www.pit-unterwegs.de\/index.php?rest_route=%2Fwp%2Fv2%2Fcomments&post=840"}],"version-history":[{"count":27,"href":"https:\/\/www.pit-unterwegs.de\/index.php?rest_route=\/wp\/v2\/pages\/840\/revisions"}],"predecessor-version":[{"id":8937,"href":"https:\/\/www.pit-unterwegs.de\/index.php?rest_route=\/wp\/v2\/pages\/840\/revisions\/8937"}],"wp:attachment":[{"href":"https:\/\/www.pit-unterwegs.de\/index.php?rest_route=%2Fwp%2Fv2%2Fmedia&parent=840"}],"curies":[{"name":"wp","href":"https:\/\/api.w.org\/{rel}","templated":true}]}}